{"id":450,"date":"2015-04-17T15:02:13","date_gmt":"2015-04-17T13:02:13","guid":{"rendered":"http:\/\/jenniges-paletten.de\/paletten-einwegpaletten-recycling-reparaturen-eifel\/?page_id=450"},"modified":"2015-07-04T14:58:31","modified_gmt":"2015-07-04T12:58:31","slug":"holzhackschnitzel","status":"publish","type":"page","link":"https:\/\/jenniges-paletten.de\/paletten-einwegpaletten-recycling-reparaturen-eifel\/holzhackschnitzel\/","title":{"rendered":"Holzhackschnitzel"},"content":{"rendered":"<div aria-live=\"polite\" id=\"soliloquy-container-478_1\" class=\"soliloquy-container soliloquy-transition-fade  soliloquy-theme-base\" style=\"max-width:1170px;max-height:500px;\"><ul id=\"soliloquy-478_1\" class=\"soliloquy-slider soliloquy-slides soliloquy-wrap soliloquy-clear\"><li aria-hidden=\"true\" class=\"soliloquy-item soliloquy-item-1 soliloquy-image-slide\" draggable=\"false\" style=\"list-style:none\"><img decoding=\"async\" id=\"soliloquy-image-813\" class=\"soliloquy-image soliloquy-image-1\" src=\"https:\/\/jenniges-paletten.de\/paletten-einwegpaletten-recycling-reparaturen-eifel\/wp-content\/uploads\/2015\/04\/1-DSC00005-1170x500_c.jpg\" alt=\"SONY DSC\" \/><\/li><li aria-hidden=\"true\" class=\"soliloquy-item soliloquy-item-2 soliloquy-image-slide\" draggable=\"false\" style=\"list-style:none\"><img decoding=\"async\" id=\"soliloquy-image-814\" class=\"soliloquy-image soliloquy-image-2\" src=\"https:\/\/jenniges-paletten.de\/paletten-einwegpaletten-recycling-reparaturen-eifel\/wp-content\/uploads\/2015\/04\/1-DSC000241-1170x500_c.jpg\" alt=\"SONY DSC\" \/><\/li><li aria-hidden=\"true\" class=\"soliloquy-item soliloquy-item-3 soliloquy-image-slide\" draggable=\"false\" style=\"list-style:none\"><img decoding=\"async\" id=\"soliloquy-image-836\" class=\"soliloquy-image soliloquy-image-3\" src=\"https:\/\/jenniges-paletten.de\/paletten-einwegpaletten-recycling-reparaturen-eifel\/wp-content\/uploads\/2015\/04\/1-DSC014642-1170x500_c.jpg\" alt=\"1-DSC01464\" \/><\/li><li aria-hidden=\"true\" class=\"soliloquy-item soliloquy-item-4 soliloquy-image-slide\" draggable=\"false\" style=\"list-style:none\"><img decoding=\"async\" id=\"soliloquy-image-838\" class=\"soliloquy-image soliloquy-image-4\" src=\"https:\/\/jenniges-paletten.de\/paletten-einwegpaletten-recycling-reparaturen-eifel\/wp-content\/uploads\/2015\/04\/1-DSC014732-1170x500_c.jpg\" alt=\"1-DSC01473\" \/><\/li><li aria-hidden=\"true\" class=\"soliloquy-item soliloquy-item-5 soliloquy-image-slide\" draggable=\"false\" style=\"list-style:none\"><img decoding=\"async\" id=\"soliloquy-image-843\" class=\"soliloquy-image soliloquy-image-5\" src=\"https:\/\/jenniges-paletten.de\/paletten-einwegpaletten-recycling-reparaturen-eifel\/wp-content\/uploads\/2015\/04\/1-DSC01477-1170x500_c.jpg\" alt=\"1-DSC01477\" \/><\/li><li aria-hidden=\"true\" class=\"soliloquy-item soliloquy-item-6 soliloquy-image-slide\" draggable=\"false\" style=\"list-style:none\"><img decoding=\"async\" id=\"soliloquy-image-943\" class=\"soliloquy-image soliloquy-image-6\" src=\"https:\/\/jenniges-paletten.de\/paletten-einwegpaletten-recycling-reparaturen-eifel\/wp-content\/uploads\/2015\/04\/1-DSC012492-1170x500_c.jpg\" alt=\"1-DSC01249\" \/><\/li><\/ul><\/div><noscript><style type=\"text\/css\">#soliloquy-container-478_1{opacity:1}<\/style><\/noscript>\n<audio class=\"wp-audio-shortcode\" id=\"audio-450-1\" preload=\"auto\" style=\"width: 100%;\" controls=\"controls\"><source type=\"audio\/mpeg\" src=\"https:\/\/jenniges-paletten.de\/paletten-einwegpaletten-recycling-reparaturen-eifel\/wp-content\/uploads\/2015\/04\/Hexler-mp3-1.mp3?_=1\" \/><a href=\"https:\/\/jenniges-paletten.de\/paletten-einwegpaletten-recycling-reparaturen-eifel\/wp-content\/uploads\/2015\/04\/Hexler-mp3-1.mp3\">https:\/\/jenniges-paletten.de\/paletten-einwegpaletten-recycling-reparaturen-eifel\/wp-content\/uploads\/2015\/04\/Hexler-mp3-1.mp3<\/a><\/audio>\n<hr \/>\n<p>Holzhackschnitzel wird\u00a0sowohl als <strong>Brennstoff <\/strong>oder auch als\u00a0<strong>Bodenbelag <\/strong>als alternative zu Rindenmulch\u00a0verwendet und \u00fcberzeugen durch eine lange Haltbarkeit.<\/p>\n<p>Sie weisen eine gute Durchl\u00e4ssigkeit und Elastizit\u00e4t auf und erf\u00fcllen somit die besten Voraussetzungen f\u00fcr einen nat\u00fcrlichen Bodenbelag oder einen Brennstoff mit idealen Verbrennungseigenschaften.<\/p>\n","protected":false},"excerpt":{"rendered":"<p>Holzhackschnitzel wird\u00a0sowohl als Brennstoff oder auch als\u00a0Bodenbelag als alternative zu Rindenmulch\u00a0verwendet und \u00fcberzeugen durch eine lange Haltbarkeit. Sie weisen eine<\/p>\n<div class=\"read-button read_more_btn_text\"><a class=\"read_more\" href=\"https:\/\/jenniges-paletten.de\/paletten-einwegpaletten-recycling-reparaturen-eifel\/holzhackschnitzel\/\">Read Now <i class=\"fas fa-caret-right\"><\/i><\/a><\/div>\n","protected":false},"author":4,"featured_media":0,"parent":0,"menu_order":0,"comment_status":"closed","ping_status":"closed","template":"template-fullwidth.php","meta":{"footnotes":""},"class_list":["post-450","page","type-page","status-publish","hentry"],"aioseo_notices":[],"_links":{"self":[{"href":"https:\/\/jenniges-paletten.de\/paletten-einwegpaletten-recycling-reparaturen-eifel\/wp-json\/wp\/v2\/pages\/450","targetHints":{"allow":["GET"]}}],"collection":[{"href":"https:\/\/jenniges-paletten.de\/paletten-einwegpaletten-recycling-reparaturen-eifel\/wp-json\/wp\/v2\/pages"}],"about":[{"href":"https:\/\/jenniges-paletten.de\/paletten-einwegpaletten-recycling-reparaturen-eifel\/wp-json\/wp\/v2\/types\/page"}],"author":[{"embeddable":true,"href":"https:\/\/jenniges-paletten.de\/paletten-einwegpaletten-recycling-reparaturen-eifel\/wp-json\/wp\/v2\/users\/4"}],"replies":[{"embeddable":true,"href":"https:\/\/jenniges-paletten.de\/paletten-einwegpaletten-recycling-reparaturen-eifel\/wp-json\/wp\/v2\/comments?post=450"}],"version-history":[{"count":20,"href":"https:\/\/jenniges-paletten.de\/paletten-einwegpaletten-recycling-reparaturen-eifel\/wp-json\/wp\/v2\/pages\/450\/revisions"}],"predecessor-version":[{"id":1069,"href":"https:\/\/jenniges-paletten.de\/paletten-einwegpaletten-recycling-reparaturen-eifel\/wp-json\/wp\/v2\/pages\/450\/revisions\/1069"}],"wp:attachment":[{"href":"https:\/\/jenniges-paletten.de\/paletten-einwegpaletten-recycling-reparaturen-eifel\/wp-json\/wp\/v2\/media?parent=450"}],"curies":[{"name":"wp","href":"https:\/\/api.w.org\/{rel}","templated":true}]}}