{"id":445,"date":"2015-04-17T15:00:50","date_gmt":"2015-04-17T13:00:50","guid":{"rendered":"http:\/\/jenniges-paletten.de\/paletten-einwegpaletten-recycling-reparaturen-eifel\/?page_id=445"},"modified":"2015-05-21T15:48:32","modified_gmt":"2015-05-21T13:48:32","slug":"holzhandlung","status":"publish","type":"page","link":"https:\/\/jenniges-paletten.de\/paletten-einwegpaletten-recycling-reparaturen-eifel\/holzhandlung\/","title":{"rendered":"Holzhandlung"},"content":{"rendered":"<div aria-live=\"polite\" id=\"soliloquy-container-946_1\" class=\"soliloquy-container soliloquy-transition-fade  soliloquy-theme-base\" style=\"max-width:1170px;max-height:500px;\"><ul id=\"soliloquy-946_1\" class=\"soliloquy-slider soliloquy-slides soliloquy-wrap soliloquy-clear\"><li aria-hidden=\"true\" class=\"soliloquy-item soliloquy-item-1 soliloquy-image-slide\" draggable=\"false\" style=\"list-style:none\"><img decoding=\"async\" id=\"soliloquy-image-947\" class=\"soliloquy-image soliloquy-image-1\" src=\"https:\/\/jenniges-paletten.de\/paletten-einwegpaletten-recycling-reparaturen-eifel\/wp-content\/uploads\/2015\/04\/1-DSC012384-1170x500_c.jpg\" alt=\"1-DSC01238\" \/><\/li><li aria-hidden=\"true\" class=\"soliloquy-item soliloquy-item-2 soliloquy-image-slide\" draggable=\"false\" style=\"list-style:none\"><img decoding=\"async\" id=\"soliloquy-image-948\" class=\"soliloquy-image soliloquy-image-2\" src=\"https:\/\/jenniges-paletten.de\/paletten-einwegpaletten-recycling-reparaturen-eifel\/wp-content\/uploads\/2015\/04\/1-DSC012493-1170x500_c.jpg\" alt=\"1-DSC01249\" \/><\/li><li aria-hidden=\"true\" class=\"soliloquy-item soliloquy-item-3 soliloquy-image-slide\" draggable=\"false\" style=\"list-style:none\"><img decoding=\"async\" id=\"soliloquy-image-949\" class=\"soliloquy-image soliloquy-image-3\" src=\"https:\/\/jenniges-paletten.de\/paletten-einwegpaletten-recycling-reparaturen-eifel\/wp-content\/uploads\/2015\/04\/1-DSC012632-1170x500_c.jpg\" alt=\"1-DSC01263\" \/><\/li><li aria-hidden=\"true\" class=\"soliloquy-item soliloquy-item-4 soliloquy-image-slide\" draggable=\"false\" style=\"list-style:none\"><img decoding=\"async\" id=\"soliloquy-image-993\" class=\"soliloquy-image soliloquy-image-4\" src=\"https:\/\/jenniges-paletten.de\/paletten-einwegpaletten-recycling-reparaturen-eifel\/wp-content\/uploads\/2015\/04\/1-DSC018692-1170x500_c.jpg\" alt=\"1-DSC01869\" \/><\/li><li aria-hidden=\"true\" class=\"soliloquy-item soliloquy-item-5 soliloquy-image-slide\" draggable=\"false\" style=\"list-style:none\"><img decoding=\"async\" id=\"soliloquy-image-954\" class=\"soliloquy-image soliloquy-image-5\" src=\"https:\/\/jenniges-paletten.de\/paletten-einwegpaletten-recycling-reparaturen-eifel\/wp-content\/uploads\/2015\/04\/1-DSC071491-1170x500_c.jpg\" alt=\"SONY DSC\" \/><div class=\"soliloquy-caption\"><div class=\"soliloquy-caption-inside\">SONY DSC<\/div><\/div><\/li><li aria-hidden=\"true\" class=\"soliloquy-item soliloquy-item-6 soliloquy-image-slide\" draggable=\"false\" style=\"list-style:none\"><img decoding=\"async\" id=\"soliloquy-image-951\" class=\"soliloquy-image soliloquy-image-6\" src=\"https:\/\/jenniges-paletten.de\/paletten-einwegpaletten-recycling-reparaturen-eifel\/wp-content\/uploads\/2015\/04\/1-DSC018743-1170x500_c.jpg\" alt=\"1-DSC01874\" \/><\/li><li aria-hidden=\"true\" class=\"soliloquy-item soliloquy-item-7 soliloquy-image-slide\" draggable=\"false\" style=\"list-style:none\"><img decoding=\"async\" id=\"soliloquy-image-952\" class=\"soliloquy-image soliloquy-image-7\" src=\"https:\/\/jenniges-paletten.de\/paletten-einwegpaletten-recycling-reparaturen-eifel\/wp-content\/uploads\/2015\/04\/1-DSC071401-1170x500_c.jpg\" alt=\"SONY DSC\" \/><div class=\"soliloquy-caption\"><div class=\"soliloquy-caption-inside\">SONY DSC<\/div><\/div><\/li><li aria-hidden=\"true\" class=\"soliloquy-item soliloquy-item-8 soliloquy-image-slide\" draggable=\"false\" style=\"list-style:none\"><img decoding=\"async\" id=\"soliloquy-image-953\" class=\"soliloquy-image soliloquy-image-8\" src=\"https:\/\/jenniges-paletten.de\/paletten-einwegpaletten-recycling-reparaturen-eifel\/wp-content\/uploads\/2015\/04\/1-DSC071431-1170x500_c.jpg\" alt=\"SONY DSC\" \/><div class=\"soliloquy-caption\"><div class=\"soliloquy-caption-inside\">SONY DSC<\/div><\/div><\/li><li aria-hidden=\"true\" class=\"soliloquy-item soliloquy-item-9 soliloquy-image-slide\" draggable=\"false\" style=\"list-style:none\"><img decoding=\"async\" id=\"soliloquy-image-955\" class=\"soliloquy-image soliloquy-image-9\" src=\"https:\/\/jenniges-paletten.de\/paletten-einwegpaletten-recycling-reparaturen-eifel\/wp-content\/uploads\/2015\/04\/1-DSC071561-1170x500_c.jpg\" alt=\"SONY DSC\" \/><div class=\"soliloquy-caption\"><div class=\"soliloquy-caption-inside\">SONY DSC<\/div><\/div><\/li><\/ul><\/div><noscript><style type=\"text\/css\">#soliloquy-container-946_1{opacity:1}<\/style><\/noscript>\n<hr \/>\n<p><strong>JENNIGES Paletten<\/strong>\u00a0ist die Adresse,\u00a0wenn Holz, Platten oder andere Baustoffe gefragt sind.<\/p>\n<p><span style=\"text-decoration: underline;\">Unsere St\u00e4rken sind:<\/span><\/p>\n<ul>\n<li>unser gut sortiertes Lager an Holz, Massivholz, Kantholz und Platten<\/li>\n<li>sowie unsere Schnelligkeit<\/li>\n<li>unser Lieferservice<\/li>\n<li>Holzzuschnitte in Massivholz, Platten und Sperrholz<\/li>\n<\/ul>\n<p><strong>Unsere Kunden erhalten selbstverst\u00e4ndlich individuell nach Ihren W\u00fcnschen s\u00e4mtliche Sonderma\u00dfe!<\/strong><\/p>\n<p><a href=\"https:\/\/jenniges-paletten.de\/paletten-einwegpaletten-recycling-reparaturen-eifel\/wp-content\/uploads\/2015\/04\/1-DSC018611.jpg\"><img loading=\"lazy\" decoding=\"async\" width=\"6024\" height=\"4024\" class=\"alignnone wp-image-587\" src=\"https:\/\/jenniges-paletten.de\/paletten-einwegpaletten-recycling-reparaturen-eifel\/wp-content\/uploads\/2015\/04\/1-DSC018611.jpg\" alt=\"1-DSC01861\" srcset=\"https:\/\/jenniges-paletten.de\/paletten-einwegpaletten-recycling-reparaturen-eifel\/wp-content\/uploads\/2015\/04\/1-DSC018611.jpg 6024w, https:\/\/jenniges-paletten.de\/paletten-einwegpaletten-recycling-reparaturen-eifel\/wp-content\/uploads\/2015\/04\/1-DSC018611-300x200.jpg 300w, https:\/\/jenniges-paletten.de\/paletten-einwegpaletten-recycling-reparaturen-eifel\/wp-content\/uploads\/2015\/04\/1-DSC018611-1024x684.jpg 1024w, https:\/\/jenniges-paletten.de\/paletten-einwegpaletten-recycling-reparaturen-eifel\/wp-content\/uploads\/2015\/04\/1-DSC018611-600x401.jpg 600w\" sizes=\"auto, (max-width: 6024px) 100vw, 6024px\" \/><\/a><\/p>\n","protected":false},"excerpt":{"rendered":"<p>JENNIGES Paletten\u00a0ist die Adresse,\u00a0wenn Holz, Platten oder andere Baustoffe gefragt sind. Unsere St\u00e4rken sind: unser gut sortiertes Lager an Holz,<\/p>\n<div class=\"read-button read_more_btn_text\"><a class=\"read_more\" href=\"https:\/\/jenniges-paletten.de\/paletten-einwegpaletten-recycling-reparaturen-eifel\/holzhandlung\/\">Read Now <i class=\"fas fa-caret-right\"><\/i><\/a><\/div>\n","protected":false},"author":4,"featured_media":0,"parent":0,"menu_order":0,"comment_status":"closed","ping_status":"closed","template":"template-fullwidth.php","meta":{"footnotes":""},"class_list":["post-445","page","type-page","status-publish","hentry"],"aioseo_notices":[],"_links":{"self":[{"href":"https:\/\/jenniges-paletten.de\/paletten-einwegpaletten-recycling-reparaturen-eifel\/wp-json\/wp\/v2\/pages\/445","targetHints":{"allow":["GET"]}}],"collection":[{"href":"https:\/\/jenniges-paletten.de\/paletten-einwegpaletten-recycling-reparaturen-eifel\/wp-json\/wp\/v2\/pages"}],"about":[{"href":"https:\/\/jenniges-paletten.de\/paletten-einwegpaletten-recycling-reparaturen-eifel\/wp-json\/wp\/v2\/types\/page"}],"author":[{"embeddable":true,"href":"https:\/\/jenniges-paletten.de\/paletten-einwegpaletten-recycling-reparaturen-eifel\/wp-json\/wp\/v2\/users\/4"}],"replies":[{"embeddable":true,"href":"https:\/\/jenniges-paletten.de\/paletten-einwegpaletten-recycling-reparaturen-eifel\/wp-json\/wp\/v2\/comments?post=445"}],"version-history":[{"count":16,"href":"https:\/\/jenniges-paletten.de\/paletten-einwegpaletten-recycling-reparaturen-eifel\/wp-json\/wp\/v2\/pages\/445\/revisions"}],"predecessor-version":[{"id":957,"href":"https:\/\/jenniges-paletten.de\/paletten-einwegpaletten-recycling-reparaturen-eifel\/wp-json\/wp\/v2\/pages\/445\/revisions\/957"}],"wp:attachment":[{"href":"https:\/\/jenniges-paletten.de\/paletten-einwegpaletten-recycling-reparaturen-eifel\/wp-json\/wp\/v2\/media?parent=445"}],"curies":[{"name":"wp","href":"https:\/\/api.w.org\/{rel}","templated":true}]}}