{"id":440,"date":"2015-04-17T15:00:11","date_gmt":"2015-04-17T13:00:11","guid":{"rendered":"http:\/\/jenniges-paletten.de\/paletten-einwegpaletten-recycling-reparaturen-eifel\/?page_id=440"},"modified":"2015-07-04T14:59:13","modified_gmt":"2015-07-04T12:59:13","slug":"epal","status":"publish","type":"page","link":"https:\/\/jenniges-paletten.de\/paletten-einwegpaletten-recycling-reparaturen-eifel\/epal\/","title":{"rendered":"EPAL"},"content":{"rendered":"<div aria-live=\"polite\" id=\"soliloquy-container-483_1\" class=\"soliloquy-container soliloquy-transition-fade  soliloquy-theme-base\" style=\"max-width:1170px;max-height:500px;\"><ul id=\"soliloquy-483_1\" class=\"soliloquy-slider soliloquy-slides soliloquy-wrap soliloquy-clear\"><li aria-hidden=\"true\" class=\"soliloquy-item soliloquy-item-1 soliloquy-image-slide\" draggable=\"false\" style=\"list-style:none\"><img decoding=\"async\" id=\"soliloquy-image-844\" class=\"soliloquy-image soliloquy-image-1\" src=\"https:\/\/jenniges-paletten.de\/paletten-einwegpaletten-recycling-reparaturen-eifel\/wp-content\/uploads\/2015\/04\/1-DSC07230-1170x500_c.jpg\" alt=\"SONY DSC\" \/><\/li><li aria-hidden=\"true\" class=\"soliloquy-item soliloquy-item-2 soliloquy-image-slide\" draggable=\"false\" style=\"list-style:none\"><img decoding=\"async\" id=\"soliloquy-image-998\" class=\"soliloquy-image soliloquy-image-2\" src=\"https:\/\/jenniges-paletten.de\/paletten-einwegpaletten-recycling-reparaturen-eifel\/wp-content\/uploads\/2015\/04\/1-DSC072481-1170x500_c.jpg\" alt=\"1-DSC07248\" \/><\/li><li aria-hidden=\"true\" class=\"soliloquy-item soliloquy-item-3 soliloquy-image-slide\" draggable=\"false\" style=\"list-style:none\"><img decoding=\"async\" id=\"soliloquy-image-840\" class=\"soliloquy-image soliloquy-image-3\" src=\"https:\/\/jenniges-paletten.de\/paletten-einwegpaletten-recycling-reparaturen-eifel\/wp-content\/uploads\/2015\/04\/1-DSC012313-1170x500_c.jpg\" alt=\"SONY DSC\" \/><\/li><li aria-hidden=\"true\" class=\"soliloquy-item soliloquy-item-4 soliloquy-image-slide\" draggable=\"false\" style=\"list-style:none\"><img decoding=\"async\" id=\"soliloquy-image-996\" class=\"soliloquy-image soliloquy-image-4\" src=\"https:\/\/jenniges-paletten.de\/paletten-einwegpaletten-recycling-reparaturen-eifel\/wp-content\/uploads\/2015\/04\/1-DSC07232-1170x500_c.jpg\" alt=\"1-DSC07232\" \/><\/li><li aria-hidden=\"true\" class=\"soliloquy-item soliloquy-item-5 soliloquy-image-slide\" draggable=\"false\" style=\"list-style:none\"><img decoding=\"async\" id=\"soliloquy-image-997\" class=\"soliloquy-image soliloquy-image-5\" src=\"https:\/\/jenniges-paletten.de\/paletten-einwegpaletten-recycling-reparaturen-eifel\/wp-content\/uploads\/2015\/04\/1-DSC07243-1170x500_c.jpg\" alt=\"1-DSC07243\" \/><\/li><li aria-hidden=\"true\" class=\"soliloquy-item soliloquy-item-6 soliloquy-image-slide\" draggable=\"false\" style=\"list-style:none\"><img decoding=\"async\" id=\"soliloquy-image-1000\" class=\"soliloquy-image soliloquy-image-6\" src=\"https:\/\/jenniges-paletten.de\/paletten-einwegpaletten-recycling-reparaturen-eifel\/wp-content\/uploads\/2015\/04\/1-DSC07297-1170x500_c.jpg\" alt=\"1-DSC07297\" \/><\/li><li aria-hidden=\"true\" class=\"soliloquy-item soliloquy-item-7 soliloquy-image-slide\" draggable=\"false\" style=\"list-style:none\"><img decoding=\"async\" id=\"soliloquy-image-1001\" class=\"soliloquy-image soliloquy-image-7\" src=\"https:\/\/jenniges-paletten.de\/paletten-einwegpaletten-recycling-reparaturen-eifel\/wp-content\/uploads\/2015\/04\/1-DSC011702-1170x500_c.jpg\" alt=\"SONY DSC\" \/><div class=\"soliloquy-caption\"><div class=\"soliloquy-caption-inside\">SONY DSC<\/div><\/div><\/li><\/ul><\/div><noscript><style type=\"text\/css\">#soliloquy-container-483_1{opacity:1}<\/style><\/noscript>\n<hr \/>\n<h2>Wir sind Mitglied bei EPAL<\/h2>\n<p>Die aus dem Jahr 1961 stammenden<strong> Euro- bzw. Epalpaletten<\/strong> sind die bekanntesten Ladungstr\u00e4ger Europas und finden \u00fcberall im Transportgewerbe Verwendung.\u00a0Sie sind sogenannte <strong>Vierwegpaletten<\/strong> und somit von allen vier Seiten durch Gabelstapler oder Hubwagen aufnehmbar. Die qualit\u00e4tsgepr\u00fcfte Europalette sorgen sind mit dem gesch\u00fctzten Zeichen gesichert.<\/p>\n<p align=\"LEFT\"><a href=\"https:\/\/jenniges-paletten.de\/paletten-einwegpaletten-recycling-reparaturen-eifel\/wp-content\/uploads\/2015\/04\/1-DSC013171.jpg\"><img loading=\"lazy\" decoding=\"async\" width=\"4912\" height=\"3264\" class=\"alignnone wp-image-381\" src=\"https:\/\/jenniges-paletten.de\/paletten-einwegpaletten-recycling-reparaturen-eifel\/wp-content\/uploads\/2015\/04\/1-DSC013171.jpg\" alt=\"SONY DSC\" srcset=\"https:\/\/jenniges-paletten.de\/paletten-einwegpaletten-recycling-reparaturen-eifel\/wp-content\/uploads\/2015\/04\/1-DSC013171.jpg 4912w, https:\/\/jenniges-paletten.de\/paletten-einwegpaletten-recycling-reparaturen-eifel\/wp-content\/uploads\/2015\/04\/1-DSC013171-300x199.jpg 300w, https:\/\/jenniges-paletten.de\/paletten-einwegpaletten-recycling-reparaturen-eifel\/wp-content\/uploads\/2015\/04\/1-DSC013171-1024x680.jpg 1024w, https:\/\/jenniges-paletten.de\/paletten-einwegpaletten-recycling-reparaturen-eifel\/wp-content\/uploads\/2015\/04\/1-DSC013171-600x399.jpg 600w\" sizes=\"auto, (max-width: 4912px) 100vw, 4912px\" \/><\/a><\/p>\n","protected":false},"excerpt":{"rendered":"<p>Wir sind Mitglied bei EPAL Die aus dem Jahr 1961 stammenden Euro- bzw. Epalpaletten sind die bekanntesten Ladungstr\u00e4ger Europas und<\/p>\n<div class=\"read-button read_more_btn_text\"><a class=\"read_more\" href=\"https:\/\/jenniges-paletten.de\/paletten-einwegpaletten-recycling-reparaturen-eifel\/epal\/\">Read Now <i class=\"fas fa-caret-right\"><\/i><\/a><\/div>\n","protected":false},"author":4,"featured_media":0,"parent":0,"menu_order":0,"comment_status":"closed","ping_status":"closed","template":"template-fullwidth.php","meta":{"footnotes":""},"class_list":["post-440","page","type-page","status-publish","hentry"],"aioseo_notices":[],"_links":{"self":[{"href":"https:\/\/jenniges-paletten.de\/paletten-einwegpaletten-recycling-reparaturen-eifel\/wp-json\/wp\/v2\/pages\/440","targetHints":{"allow":["GET"]}}],"collection":[{"href":"https:\/\/jenniges-paletten.de\/paletten-einwegpaletten-recycling-reparaturen-eifel\/wp-json\/wp\/v2\/pages"}],"about":[{"href":"https:\/\/jenniges-paletten.de\/paletten-einwegpaletten-recycling-reparaturen-eifel\/wp-json\/wp\/v2\/types\/page"}],"author":[{"embeddable":true,"href":"https:\/\/jenniges-paletten.de\/paletten-einwegpaletten-recycling-reparaturen-eifel\/wp-json\/wp\/v2\/users\/4"}],"replies":[{"embeddable":true,"href":"https:\/\/jenniges-paletten.de\/paletten-einwegpaletten-recycling-reparaturen-eifel\/wp-json\/wp\/v2\/comments?post=440"}],"version-history":[{"count":17,"href":"https:\/\/jenniges-paletten.de\/paletten-einwegpaletten-recycling-reparaturen-eifel\/wp-json\/wp\/v2\/pages\/440\/revisions"}],"predecessor-version":[{"id":1070,"href":"https:\/\/jenniges-paletten.de\/paletten-einwegpaletten-recycling-reparaturen-eifel\/wp-json\/wp\/v2\/pages\/440\/revisions\/1070"}],"wp:attachment":[{"href":"https:\/\/jenniges-paletten.de\/paletten-einwegpaletten-recycling-reparaturen-eifel\/wp-json\/wp\/v2\/media?parent=440"}],"curies":[{"name":"wp","href":"https:\/\/api.w.org\/{rel}","templated":true}]}}