{"id":418,"date":"2015-04-17T14:19:04","date_gmt":"2015-04-17T12:19:04","guid":{"rendered":"http:\/\/jenniges-paletten.de\/paletten-einwegpaletten-recycling-reparaturen-eifel\/?page_id=418"},"modified":"2018-06-02T16:56:34","modified_gmt":"2018-06-02T14:56:34","slug":"anfrage","status":"publish","type":"page","link":"https:\/\/jenniges-paletten.de\/paletten-einwegpaletten-recycling-reparaturen-eifel\/kontakt\/anfrage\/","title":{"rendered":"Anfrage"},"content":{"rendered":"<p>Schreiben Sie uns! Wir sind gerne f\u00fcr Sie da:<\/p>\n<hr \/>\n<form method=\"post\" id=\"cntctfrm_contact_form\" class=\"cntctfrm_contact_form cntctfrm_one_column cntctfrm_ltr cntctfrm_width_default\" action=\"\/paletten-einwegpaletten-recycling-reparaturen-eifel\/wp-json\/wp\/v2\/pages\/418#cntctfrm_contact_form\" enctype=\"multipart\/form-data\"><div id=\"cntctfrm_first_column\" class=\"cntctfrm_column\"><div class=\"cntctfrm_field_wrap cntctfrm_field_name_wrap\"namecontact><div class=\"cntctfrm_label cntctfrm_label_name\">\n\t\t\t\t\t\t\t\t\t<label for=\"cntctfrm_contact_name\">Name: <span class=\"required\">*<\/span><\/label><\/div><div class=\"cntctfrm_input cntctfrm_input_name\">\n\t\t\t\t\t\t\t\t\t<input namecontact class=\"text\" type=\"text\" size=\"40\" pattern=\"^([\\p{L}\\p{M}]{2,}(\\s)*(\\p{L}+\\p{M}*-*){1,})|([\\p{L}\\p{M}]{3,})\" title=\"Bitte nur Buchstaben mit mindestens 3 Zeichen eingeben, W\u00f6rter durch Leerzeichen getrennt\" value=\"\" name=\"cntctfrm_contact_name\" id=\"cntctfrm_contact_name\" \/><\/div><\/div><div class=\"cntctfrm_field_wrap cntctfrm_field_address_wrap\"><div class=\"cntctfrm_label cntctfrm_label_address\">\n\t\t\t\t\t\t\t\t\t\t<label for=\"cntctfrm_contact_address\">Adresse: : <span class=\"required\">*<\/span><\/label><\/div><div class=\"cntctfrm_input cntctfrm_input_address\">\n\t\t\t\t\t\t\t\t\t<input class=\"text\" type=\"text\" size=\"40\" pattern=\"([\\p{L}\\p{M}\\s0-9]){3,120}\" title=\"Bitte geben Sie nur Buchstaben und Zahlen mindestens 3 Zeichen ein, W\u00f6rter durch Leerzeichen getrennt\" value=\"\" name=\"cntctfrm_contact_address\" id=\"cntctfrm_contact_address\" \/><\/div><\/div><div class=\"cntctfrm_field_wrap cntctfrm_field_email_wrap\"email><div class=\"cntctfrm_label cntctfrm_label_email\">\n\t\t\t\t\t\t\t\t\t<label for=\"cntctfrm_contact_email\">E-Mail Adresse:: <span class=\"required\">*<\/span><\/label>\n\t\t\t\t\t\t\t\t<\/div><div class=\"cntctfrm_input cntctfrm_input_email\">\n\t\t\t\t\t\t\t\t\t<input email class=\"text\" type=\"email\" size=\"40\" value=\"\" name=\"cntctfrm_contact_email\" id=\"cntctfrm_contact_email\" \/><\/div><\/div><div class=\"cntctfrm_field_wrap cntctfrm_field_phone_wrap\"><div class=\"cntctfrm_label cntctfrm_label_phone\">\n\t\t\t\t\t\t\t\t\t\t<label for=\"cntctfrm_contact_phone\">Telefonnummer:: <span class=\"required\">*<\/span><\/label>\n\t\t\t\t\t\t\t\t\t<\/div><div class=\"cntctfrm_input cntctfrm_input_phone\">\n\t\t\t\t\t\t\t\t\t<input class=\"text\" type=\"text\" size=\"40\" value=\"\" pattern=\"[0-9]{6,}\" title=\"Bitte geben Sie nur Zahlen mit mindestens 6 Zeichen ein\" name=\"cntctfrm_contact_phone\" id=\"cntctfrm_contact_phone\" \/><\/div><\/div><div class=\"cntctfrm_field_wrap cntctfrm_field_subject_wrap\"subject><div class=\"cntctfrm_label cntctfrm_label_subject\">\n\t\t\t\t\t\t\t\t\t<label for=\"cntctfrm_contact_subject\">Betreff: <span class=\"required\">*<\/span><\/label>\n\t\t\t\t\t\t\t\t<\/div><div class=\"cntctfrm_input cntctfrm_input_subject\">\n\t\t\t\t\t\t\t\t<input subject pattern=\"^\\p{L}{1,}([\\p{L}\\s]){2,}\" title=\"Please enter only letters at least 3 characters, words seperated by spaces\" class=\"text\" type=\"text\" size=\"40\" value=\"\" name=\"cntctfrm_contact_subject\" id=\"cntctfrm_contact_subject\" \/><\/div><\/div><div class=\"cntctfrm_field_wrap cntctfrm_field_message_wrap\"message><div class=\"cntctfrm_label cntctfrm_label_message\">\n\t\t\t\t\t\t\t\t<label for=\"cntctfrm_contact_message\">Inhalt: <span class=\"required\">*<\/span><\/label>\n\t\t\t\t\t\t\t<\/div><div class=\"cntctfrm_input cntctfrm_input_message\">\n\t\t\t\t\t\t\t\t<textarea message rows=\"5\" cols=\"30\"name=\"cntctfrm_contact_message\" id=\"cntctfrm_contact_message\"><\/textarea><\/div><\/div><div class=\"cntctfrm_field_wrap cntctfrm_field_attachment_wrap\"><div class=\"cntctfrm_checkbox cntctfrm_checkbox_send_copy\">\n\t\t\t\t\t\t\t\t\t<input type=\"checkbox\" value=\"1\" name=\"cntctfrm_contact_send_copy\" id=\"cntctfrm_contact_send_copy\" \/>\n\t\t\t\t\t\t\t\t\t<label for=\"cntctfrm_contact_send_copy\">Kopie an mich senden<\/label><\/div><\/div><div class=\"cntctfrm_field_wrap cntctfrm_field_attachment_wrap\"><div class=\"cntctfrm_checkbox cntctfrm_checkbox_gdpr\">\n\t\t\t\t\t\t\t\t\t<input type=\"checkbox\" value=\"\" required name=\"cntctfrm_contact_gdpr\" id=\"cntctfrm_contact_gdpr\" \/>\n\t\t\t\t\t\t\t\t\t<label for=\"cntctfrm_contact_gdpr\">I consent to having this site collect my personal data.<\/label> <a target=\"_blank\" href=\"https:\/\/jenniges-paletten.de\/paletten-einwegpaletten-recycling-reparaturen-eifel\/datenschutzerklaerung\/\">Learn more<\/a><\/div><\/div><\/div><div class=\"clear\"><\/div><div class=\"cntctfrm_submit_wrap\"><div id=\"cntctfrm_submit_first_column\" class=\"cntctfrm_column\"><div class=\"cntctfrm_input cntctfrm_input_submit\"><input type=\"hidden\" value=\"send\" name=\"cntctfrm_contact_action\">\n\t\t\t\t\t\t\t<input type=\"hidden\" value=\"default\" name=\"cntctfrm_language\">\n\t\t\t\t\t\t\t<input type=\"hidden\" value=\"1\" name=\"cntctfrm_form_submited\">\n\t\t\t\t\t\t\t<input type=\"hidden\" value=\"cntctfrm_options\" name=\"cntctfrm_options_name\">\n\t\t\t\t\t\t\t<input type=\"submit\" value=\"Senden\" class=\"cntctfrm_contact_submit\" id=\"1\" \/>\n\t\t\t\t\t\t<\/div><\/div><div id=\"cntctfrm_submit_second_column\" class=\"cntctfrm_column\"><\/div><div class=\"clear\"><\/div>\n\t\t\t<\/div>\n\t\t\t<\/form>\n<p>&nbsp;<\/p>\n<p>Wenn Sie die im Kontaktformular eingegebenen Daten durch Klick auf den obenstehenden Button \u00fcbersenden, erkl\u00e4ren Sie sich damit einverstanden, dass wir Ihre Angaben f\u00fcr die Beantwortung Ihrer Anfrage bzw. Kontaktaufnahme verwenden. Eine Weitergabe an Dritte findet grunds\u00e4tzlich nicht statt, es sei denn geltende Datenschutzvorschriften rechtfertigen eine \u00dcbertragung oder wir dazu gesetzlich verpflichtet sind. Sie k\u00f6nnen Ihre erteilte Einwilligung jederzeit mit Wirkung f\u00fcr die Zukunft widerrufen. Im Falle des Widerrufs werden Ihre Daten umgehend gel\u00f6scht. Ihre Daten werden ansonsten gel\u00f6scht, wenn wir Ihre Anfrage bearbeitet haben oder der Zweck der Speicherung entfallen ist. Sie k\u00f6nnen sich jederzeit \u00fcber die zu Ihrer Person gespeicherten Daten informieren. Weitere Informationen zum Datenschutz finden Sie auch in der\u00a0<a href=\"https:\/\/jenniges-paletten.de\/paletten-einwegpaletten-recycling-reparaturen-eifel\/datenschutzerklaerung\/\" target=\"_blank\" rel=\"noopener\">Datenschutzerkl\u00e4rung<\/a>\u00a0dieser Webseite.<\/p>\n<hr \/>\n<p>&nbsp;<\/p>\n","protected":false},"excerpt":{"rendered":"<p>Schreiben Sie uns! Wir sind gerne f\u00fcr Sie da: &nbsp; Wenn Sie die im Kontaktformular eingegebenen Daten durch Klick auf<\/p>\n<div class=\"read-button read_more_btn_text\"><a class=\"read_more\" href=\"https:\/\/jenniges-paletten.de\/paletten-einwegpaletten-recycling-reparaturen-eifel\/kontakt\/anfrage\/\">Read Now <i class=\"fas fa-caret-right\"><\/i><\/a><\/div>\n","protected":false},"author":4,"featured_media":0,"parent":408,"menu_order":0,"comment_status":"closed","ping_status":"closed","template":"","meta":{"footnotes":""},"class_list":["post-418","page","type-page","status-publish","hentry"],"aioseo_notices":[],"_links":{"self":[{"href":"https:\/\/jenniges-paletten.de\/paletten-einwegpaletten-recycling-reparaturen-eifel\/wp-json\/wp\/v2\/pages\/418","targetHints":{"allow":["GET"]}}],"collection":[{"href":"https:\/\/jenniges-paletten.de\/paletten-einwegpaletten-recycling-reparaturen-eifel\/wp-json\/wp\/v2\/pages"}],"about":[{"href":"https:\/\/jenniges-paletten.de\/paletten-einwegpaletten-recycling-reparaturen-eifel\/wp-json\/wp\/v2\/types\/page"}],"author":[{"embeddable":true,"href":"https:\/\/jenniges-paletten.de\/paletten-einwegpaletten-recycling-reparaturen-eifel\/wp-json\/wp\/v2\/users\/4"}],"replies":[{"embeddable":true,"href":"https:\/\/jenniges-paletten.de\/paletten-einwegpaletten-recycling-reparaturen-eifel\/wp-json\/wp\/v2\/comments?post=418"}],"version-history":[{"count":5,"href":"https:\/\/jenniges-paletten.de\/paletten-einwegpaletten-recycling-reparaturen-eifel\/wp-json\/wp\/v2\/pages\/418\/revisions"}],"predecessor-version":[{"id":1207,"href":"https:\/\/jenniges-paletten.de\/paletten-einwegpaletten-recycling-reparaturen-eifel\/wp-json\/wp\/v2\/pages\/418\/revisions\/1207"}],"up":[{"embeddable":true,"href":"https:\/\/jenniges-paletten.de\/paletten-einwegpaletten-recycling-reparaturen-eifel\/wp-json\/wp\/v2\/pages\/408"}],"wp:attachment":[{"href":"https:\/\/jenniges-paletten.de\/paletten-einwegpaletten-recycling-reparaturen-eifel\/wp-json\/wp\/v2\/media?parent=418"}],"curies":[{"name":"wp","href":"https:\/\/api.w.org\/{rel}","templated":true}]}}