{"id":406,"date":"2015-04-17T14:04:03","date_gmt":"2015-04-17T12:04:03","guid":{"rendered":"http:\/\/jenniges-paletten.de\/paletten-einwegpaletten-recycling-reparaturen-eifel\/?page_id=406"},"modified":"2015-07-04T14:51:32","modified_gmt":"2015-07-04T12:51:32","slug":"paletten-reparaturen","status":"publish","type":"page","link":"https:\/\/jenniges-paletten.de\/paletten-einwegpaletten-recycling-reparaturen-eifel\/paletten\/paletten-reparaturen\/","title":{"rendered":"Paletten-Reparaturen"},"content":{"rendered":"<p align=\"LEFT\"><div id=\"envira-gallery-wrap-651\" class=\"envira-gallery-wrap envira-gallery-theme-base envira-lightbox-theme-base\" itemscope itemtype=\"https:\/\/schema.org\/ImageGallery\"><div data-row-height=\"\" data-gallery-theme=\"\" id=\"envira-gallery-651\" class=\"envira-gallery-public  envira-gallery-3-columns envira-clear enviratope envira-gallery-css-animations\" data-envira-columns=\"3\"><div id=\"envira-gallery-item-864\" class=\"envira-gallery-item enviratope-item envira-gallery-item-1\" style=\"padding-left: 5px; padding-bottom: 10px; padding-right: 5px;\"  itemscope itemtype=\"https:\/\/schema.org\/ImageObject\"><div class=\"envira-gallery-item-inner\"><div class=\"envira-gallery-position-overlay  envira-gallery-top-left\"><\/div><div class=\"envira-gallery-position-overlay  envira-gallery-top-right\"><\/div><div class=\"envira-gallery-position-overlay  envira-gallery-bottom-left\"><\/div><div class=\"envira-gallery-position-overlay  envira-gallery-bottom-right\"><\/div><a href=\"https:\/\/jenniges-paletten.de\/paletten-einwegpaletten-recycling-reparaturen-eifel\/wp-content\/uploads\/2015\/04\/1-DSC016071.jpg\" class=\"envira-gallery-651 envira-gallery-link\" rel=\"enviragallery651\" title=\"1-DSC01607\" data-envira-caption=\"1-DSC01607\" data-envira-retina=\"\" data-thumbnail=\"\"  itemprop=\"contentUrl\"><div class=\"envira-lazy\" data-test-width=\"383\" data-test-height=\"255\" style=\"padding-bottom:66.579634464752%;\"><img decoding=\"async\" id=\"envira-gallery-image-864\" class=\"envira-gallery-image envira-gallery-image-1\" data-envira-index=\"1\" src=\"https:\/\/jenniges-paletten.de\/paletten-einwegpaletten-recycling-reparaturen-eifel\/wp-content\/uploads\/2015\/04\/1-DSC016071-600x400-383x255_c.jpg\" data-envira-src=\"https:\/\/jenniges-paletten.de\/paletten-einwegpaletten-recycling-reparaturen-eifel\/wp-content\/uploads\/2015\/04\/1-DSC016071-600x400-383x255_c.jpg\" data-envira-gallery-id=\"651\" data-envira-item-id=\"864\" data-envira-caption=\"1-DSC01607\" alt=\"\" title=\"1-DSC01607\"  itemprop=\"thumbnailUrl\" data-envira-srcset=\"https:\/\/jenniges-paletten.de\/paletten-einwegpaletten-recycling-reparaturen-eifel\/wp-content\/uploads\/2015\/04\/1-DSC016071-600x400-383x255_c.jpg 400w,https:\/\/jenniges-paletten.de\/paletten-einwegpaletten-recycling-reparaturen-eifel\/wp-content\/uploads\/2015\/04\/1-DSC016071-600x400-383x255_c.jpg 2x\" srcset=\"data:image\/gif;base64,R0lGODlhAQABAIAAAP\/\/\/\/\/\/\/yH5BAEKAAEALAAAAAABAAEAAAICTAEAOw==\" \/><\/div><\/a><\/div><\/div><div id=\"envira-gallery-item-915\" class=\"envira-gallery-item enviratope-item envira-gallery-item-2\" style=\"padding-left: 5px; padding-bottom: 10px; padding-right: 5px;\"  itemscope itemtype=\"https:\/\/schema.org\/ImageObject\"><div class=\"envira-gallery-item-inner\"><div class=\"envira-gallery-position-overlay  envira-gallery-top-left\"><\/div><div class=\"envira-gallery-position-overlay  envira-gallery-top-right\"><\/div><div class=\"envira-gallery-position-overlay  envira-gallery-bottom-left\"><\/div><div class=\"envira-gallery-position-overlay  envira-gallery-bottom-right\"><\/div><a href=\"https:\/\/jenniges-paletten.de\/paletten-einwegpaletten-recycling-reparaturen-eifel\/wp-content\/uploads\/2015\/04\/1-DSC011131.jpg\" class=\"envira-gallery-651 envira-gallery-link\" rel=\"enviragallery651\" title=\"1-DSC01113\" data-envira-caption=\"1-DSC01113\" data-envira-retina=\"\" data-thumbnail=\"\"  itemprop=\"contentUrl\"><div class=\"envira-lazy\" data-test-width=\"383\" data-test-height=\"255\" style=\"padding-bottom:66.579634464752%;\"><img decoding=\"async\" id=\"envira-gallery-image-915\" class=\"envira-gallery-image envira-gallery-image-2\" data-envira-index=\"2\" src=\"https:\/\/jenniges-paletten.de\/paletten-einwegpaletten-recycling-reparaturen-eifel\/wp-content\/uploads\/2015\/04\/1-DSC011131-600x400-383x255_c.jpg\" data-envira-src=\"https:\/\/jenniges-paletten.de\/paletten-einwegpaletten-recycling-reparaturen-eifel\/wp-content\/uploads\/2015\/04\/1-DSC011131-600x400-383x255_c.jpg\" data-envira-gallery-id=\"651\" data-envira-item-id=\"915\" data-envira-caption=\"1-DSC01113\" alt=\"\" title=\"1-DSC01113\"  itemprop=\"thumbnailUrl\" data-envira-srcset=\"https:\/\/jenniges-paletten.de\/paletten-einwegpaletten-recycling-reparaturen-eifel\/wp-content\/uploads\/2015\/04\/1-DSC011131-600x400-383x255_c.jpg 400w,https:\/\/jenniges-paletten.de\/paletten-einwegpaletten-recycling-reparaturen-eifel\/wp-content\/uploads\/2015\/04\/1-DSC011131-600x400-383x255_c.jpg 2x\" srcset=\"data:image\/gif;base64,R0lGODlhAQABAIAAAP\/\/\/\/\/\/\/yH5BAEKAAEALAAAAAABAAEAAAICTAEAOw==\" \/><\/div><\/a><\/div><\/div><div id=\"envira-gallery-item-972\" class=\"envira-gallery-item enviratope-item envira-gallery-item-3\" style=\"padding-left: 5px; padding-bottom: 10px; padding-right: 5px;\"  itemscope itemtype=\"https:\/\/schema.org\/ImageObject\"><div class=\"envira-gallery-item-inner\"><div class=\"envira-gallery-position-overlay  envira-gallery-top-left\"><\/div><div class=\"envira-gallery-position-overlay  envira-gallery-top-right\"><\/div><div class=\"envira-gallery-position-overlay  envira-gallery-bottom-left\"><\/div><div class=\"envira-gallery-position-overlay  envira-gallery-bottom-right\"><\/div><a href=\"https:\/\/jenniges-paletten.de\/paletten-einwegpaletten-recycling-reparaturen-eifel\/wp-content\/uploads\/2015\/04\/1-DSC017081.jpg\" class=\"envira-gallery-651 envira-gallery-link\" rel=\"enviragallery651\" title=\"1-DSC01708\" data-envira-caption=\"1-DSC01708\" data-envira-retina=\"\" data-thumbnail=\"\"  itemprop=\"contentUrl\"><div class=\"envira-lazy\" data-test-width=\"383\" data-test-height=\"255\" style=\"padding-bottom:66.579634464752%;\"><img decoding=\"async\" id=\"envira-gallery-image-972\" class=\"envira-gallery-image envira-gallery-image-3\" data-envira-index=\"3\" src=\"https:\/\/jenniges-paletten.de\/paletten-einwegpaletten-recycling-reparaturen-eifel\/wp-content\/uploads\/2015\/04\/1-DSC017081-600x400-383x255_c.jpg\" data-envira-src=\"https:\/\/jenniges-paletten.de\/paletten-einwegpaletten-recycling-reparaturen-eifel\/wp-content\/uploads\/2015\/04\/1-DSC017081-600x400-383x255_c.jpg\" data-envira-gallery-id=\"651\" data-envira-item-id=\"972\" data-envira-caption=\"1-DSC01708\" alt=\"\" title=\"1-DSC01708\"  itemprop=\"thumbnailUrl\" data-envira-srcset=\"https:\/\/jenniges-paletten.de\/paletten-einwegpaletten-recycling-reparaturen-eifel\/wp-content\/uploads\/2015\/04\/1-DSC017081-600x400-383x255_c.jpg 400w,https:\/\/jenniges-paletten.de\/paletten-einwegpaletten-recycling-reparaturen-eifel\/wp-content\/uploads\/2015\/04\/1-DSC017081-600x400-383x255_c.jpg 2x\" srcset=\"data:image\/gif;base64,R0lGODlhAQABAIAAAP\/\/\/\/\/\/\/yH5BAEKAAEALAAAAAABAAEAAAICTAEAOw==\" \/><\/div><\/a><\/div><\/div><div id=\"envira-gallery-item-941\" class=\"envira-gallery-item enviratope-item envira-gallery-item-4\" style=\"padding-left: 5px; padding-bottom: 10px; padding-right: 5px;\"  itemscope itemtype=\"https:\/\/schema.org\/ImageObject\"><div class=\"envira-gallery-item-inner\"><div class=\"envira-gallery-position-overlay  envira-gallery-top-left\"><\/div><div class=\"envira-gallery-position-overlay  envira-gallery-top-right\"><\/div><div class=\"envira-gallery-position-overlay  envira-gallery-bottom-left\"><\/div><div class=\"envira-gallery-position-overlay  envira-gallery-bottom-right\"><\/div><a href=\"https:\/\/jenniges-paletten.de\/paletten-einwegpaletten-recycling-reparaturen-eifel\/wp-content\/uploads\/2015\/04\/1-DSC018151.jpg\" class=\"envira-gallery-651 envira-gallery-link\" rel=\"enviragallery651\" title=\"1-DSC01815\" data-envira-caption=\"1-DSC01815\" data-envira-retina=\"\" data-thumbnail=\"\"  itemprop=\"contentUrl\"><div class=\"envira-lazy\" data-test-width=\"383\" data-test-height=\"255\" style=\"padding-bottom:66.579634464752%;\"><img decoding=\"async\" id=\"envira-gallery-image-941\" class=\"envira-gallery-image envira-gallery-image-4\" data-envira-index=\"4\" src=\"https:\/\/jenniges-paletten.de\/paletten-einwegpaletten-recycling-reparaturen-eifel\/wp-content\/uploads\/2015\/04\/1-DSC018151-600x400-383x255_c.jpg\" data-envira-src=\"https:\/\/jenniges-paletten.de\/paletten-einwegpaletten-recycling-reparaturen-eifel\/wp-content\/uploads\/2015\/04\/1-DSC018151-600x400-383x255_c.jpg\" data-envira-gallery-id=\"651\" data-envira-item-id=\"941\" data-envira-caption=\"1-DSC01815\" alt=\"\" title=\"1-DSC01815\"  itemprop=\"thumbnailUrl\" data-envira-srcset=\"https:\/\/jenniges-paletten.de\/paletten-einwegpaletten-recycling-reparaturen-eifel\/wp-content\/uploads\/2015\/04\/1-DSC018151-600x400-383x255_c.jpg 400w,https:\/\/jenniges-paletten.de\/paletten-einwegpaletten-recycling-reparaturen-eifel\/wp-content\/uploads\/2015\/04\/1-DSC018151-600x400-383x255_c.jpg 2x\" srcset=\"data:image\/gif;base64,R0lGODlhAQABAIAAAP\/\/\/\/\/\/\/yH5BAEKAAEALAAAAAABAAEAAAICTAEAOw==\" \/><\/div><\/a><\/div><\/div><div id=\"envira-gallery-item-871\" class=\"envira-gallery-item enviratope-item envira-gallery-item-5\" style=\"padding-left: 5px; padding-bottom: 10px; padding-right: 5px;\"  itemscope itemtype=\"https:\/\/schema.org\/ImageObject\"><div class=\"envira-gallery-item-inner\"><div class=\"envira-gallery-position-overlay  envira-gallery-top-left\"><\/div><div class=\"envira-gallery-position-overlay  envira-gallery-top-right\"><\/div><div class=\"envira-gallery-position-overlay  envira-gallery-bottom-left\"><\/div><div class=\"envira-gallery-position-overlay  envira-gallery-bottom-right\"><\/div><a href=\"https:\/\/jenniges-paletten.de\/paletten-einwegpaletten-recycling-reparaturen-eifel\/wp-content\/uploads\/2015\/04\/1-DSC017161.jpg\" class=\"envira-gallery-651 envira-gallery-link\" rel=\"enviragallery651\" title=\"1-DSC01716\" data-envira-caption=\"1-DSC01716\" data-envira-retina=\"\" data-thumbnail=\"\"  itemprop=\"contentUrl\"><div class=\"envira-lazy\" data-test-width=\"383\" data-test-height=\"255\" style=\"padding-bottom:66.579634464752%;\"><img decoding=\"async\" id=\"envira-gallery-image-871\" class=\"envira-gallery-image envira-gallery-image-5\" data-envira-index=\"5\" src=\"https:\/\/jenniges-paletten.de\/paletten-einwegpaletten-recycling-reparaturen-eifel\/wp-content\/uploads\/2015\/04\/1-DSC017161-600x400-383x255_c.jpg\" data-envira-src=\"https:\/\/jenniges-paletten.de\/paletten-einwegpaletten-recycling-reparaturen-eifel\/wp-content\/uploads\/2015\/04\/1-DSC017161-600x400-383x255_c.jpg\" data-envira-gallery-id=\"651\" data-envira-item-id=\"871\" data-envira-caption=\"1-DSC01716\" alt=\"\" title=\"1-DSC01716\"  itemprop=\"thumbnailUrl\" data-envira-srcset=\"https:\/\/jenniges-paletten.de\/paletten-einwegpaletten-recycling-reparaturen-eifel\/wp-content\/uploads\/2015\/04\/1-DSC017161-600x400-383x255_c.jpg 400w,https:\/\/jenniges-paletten.de\/paletten-einwegpaletten-recycling-reparaturen-eifel\/wp-content\/uploads\/2015\/04\/1-DSC017161-600x400-383x255_c.jpg 2x\" srcset=\"data:image\/gif;base64,R0lGODlhAQABAIAAAP\/\/\/\/\/\/\/yH5BAEKAAEALAAAAAABAAEAAAICTAEAOw==\" \/><\/div><\/a><\/div><\/div><div id=\"envira-gallery-item-869\" class=\"envira-gallery-item enviratope-item envira-gallery-item-6\" style=\"padding-left: 5px; padding-bottom: 10px; padding-right: 5px;\"  itemscope itemtype=\"https:\/\/schema.org\/ImageObject\"><div class=\"envira-gallery-item-inner\"><div class=\"envira-gallery-position-overlay  envira-gallery-top-left\"><\/div><div class=\"envira-gallery-position-overlay  envira-gallery-top-right\"><\/div><div class=\"envira-gallery-position-overlay  envira-gallery-bottom-left\"><\/div><div class=\"envira-gallery-position-overlay  envira-gallery-bottom-right\"><\/div><a href=\"https:\/\/jenniges-paletten.de\/paletten-einwegpaletten-recycling-reparaturen-eifel\/wp-content\/uploads\/2015\/04\/1-DSC07176.jpg\" class=\"envira-gallery-651 envira-gallery-link\" rel=\"enviragallery651\" title=\"SONY DSC\" data-envira-caption=\"SONY DSC\" data-envira-retina=\"\" data-thumbnail=\"\"  itemprop=\"contentUrl\"><div class=\"envira-lazy\" data-test-width=\"383\" data-test-height=\"255\" style=\"padding-bottom:66.579634464752%;\"><img decoding=\"async\" id=\"envira-gallery-image-869\" class=\"envira-gallery-image envira-gallery-image-6\" data-envira-index=\"6\" src=\"https:\/\/jenniges-paletten.de\/paletten-einwegpaletten-recycling-reparaturen-eifel\/wp-content\/uploads\/2015\/04\/1-DSC07176-600x398-383x255_c.jpg\" data-envira-src=\"https:\/\/jenniges-paletten.de\/paletten-einwegpaletten-recycling-reparaturen-eifel\/wp-content\/uploads\/2015\/04\/1-DSC07176-600x398-383x255_c.jpg\" data-envira-gallery-id=\"651\" data-envira-item-id=\"869\" data-envira-caption=\"SONY DSC\" alt=\"\" title=\"SONY DSC\"  itemprop=\"thumbnailUrl\" data-envira-srcset=\"https:\/\/jenniges-paletten.de\/paletten-einwegpaletten-recycling-reparaturen-eifel\/wp-content\/uploads\/2015\/04\/1-DSC07176-600x398-383x255_c.jpg 400w,https:\/\/jenniges-paletten.de\/paletten-einwegpaletten-recycling-reparaturen-eifel\/wp-content\/uploads\/2015\/04\/1-DSC07176-600x398-383x255_c.jpg 2x\" srcset=\"data:image\/gif;base64,R0lGODlhAQABAIAAAP\/\/\/\/\/\/\/yH5BAEKAAEALAAAAAABAAEAAAICTAEAOw==\" \/><\/div><\/a><\/div><\/div><div id=\"envira-gallery-item-677\" class=\"envira-gallery-item enviratope-item envira-gallery-item-7\" style=\"padding-left: 5px; padding-bottom: 10px; padding-right: 5px;\"  itemscope itemtype=\"https:\/\/schema.org\/ImageObject\"><div class=\"envira-gallery-item-inner\"><div class=\"envira-gallery-position-overlay  envira-gallery-top-left\"><\/div><div class=\"envira-gallery-position-overlay  envira-gallery-top-right\"><\/div><div class=\"envira-gallery-position-overlay  envira-gallery-bottom-left\"><\/div><div class=\"envira-gallery-position-overlay  envira-gallery-bottom-right\"><\/div><a href=\"https:\/\/jenniges-paletten.de\/paletten-einwegpaletten-recycling-reparaturen-eifel\/wp-content\/uploads\/2015\/04\/1-DSC01006.jpg\" class=\"envira-gallery-651 envira-gallery-link\" rel=\"enviragallery651\" title=\"1-DSC01006\" data-envira-caption=\"1-DSC01006\" data-envira-retina=\"\" data-thumbnail=\"\"  itemprop=\"contentUrl\"><div class=\"envira-lazy\" data-test-width=\"383\" data-test-height=\"255\" style=\"padding-bottom:66.579634464752%;\"><img decoding=\"async\" id=\"envira-gallery-image-677\" class=\"envira-gallery-image envira-gallery-image-7\" data-envira-index=\"7\" src=\"https:\/\/jenniges-paletten.de\/paletten-einwegpaletten-recycling-reparaturen-eifel\/wp-content\/uploads\/2015\/04\/1-DSC01006-600x400-383x255_c.jpg\" data-envira-src=\"https:\/\/jenniges-paletten.de\/paletten-einwegpaletten-recycling-reparaturen-eifel\/wp-content\/uploads\/2015\/04\/1-DSC01006-600x400-383x255_c.jpg\" data-envira-gallery-id=\"651\" data-envira-item-id=\"677\" data-envira-caption=\"1-DSC01006\" alt=\"\" title=\"1-DSC01006\"  itemprop=\"thumbnailUrl\" data-envira-srcset=\"https:\/\/jenniges-paletten.de\/paletten-einwegpaletten-recycling-reparaturen-eifel\/wp-content\/uploads\/2015\/04\/1-DSC01006-600x400-383x255_c.jpg 400w,https:\/\/jenniges-paletten.de\/paletten-einwegpaletten-recycling-reparaturen-eifel\/wp-content\/uploads\/2015\/04\/1-DSC01006-600x400-383x255_c.jpg 2x\" srcset=\"data:image\/gif;base64,R0lGODlhAQABAIAAAP\/\/\/\/\/\/\/yH5BAEKAAEALAAAAAABAAEAAAICTAEAOw==\" \/><\/div><\/a><\/div><\/div><div id=\"envira-gallery-item-595\" class=\"envira-gallery-item enviratope-item envira-gallery-item-8\" style=\"padding-left: 5px; padding-bottom: 10px; padding-right: 5px;\"  itemscope itemtype=\"https:\/\/schema.org\/ImageObject\"><div class=\"envira-gallery-item-inner\"><div class=\"envira-gallery-position-overlay  envira-gallery-top-left\"><\/div><div class=\"envira-gallery-position-overlay  envira-gallery-top-right\"><\/div><div class=\"envira-gallery-position-overlay  envira-gallery-bottom-left\"><\/div><div class=\"envira-gallery-position-overlay  envira-gallery-bottom-right\"><\/div><a href=\"https:\/\/jenniges-paletten.de\/paletten-einwegpaletten-recycling-reparaturen-eifel\/wp-content\/uploads\/2015\/04\/1-DSC01605.jpg\" class=\"envira-gallery-651 envira-gallery-link\" rel=\"enviragallery651\" title=\"1-DSC01605\" data-envira-caption=\"1-DSC01605\" data-envira-retina=\"\" data-thumbnail=\"\"  itemprop=\"contentUrl\"><div class=\"envira-lazy\" data-test-width=\"383\" data-test-height=\"255\" style=\"padding-bottom:66.579634464752%;\"><img decoding=\"async\" id=\"envira-gallery-image-595\" class=\"envira-gallery-image envira-gallery-image-8\" data-envira-index=\"8\" src=\"https:\/\/jenniges-paletten.de\/paletten-einwegpaletten-recycling-reparaturen-eifel\/wp-content\/uploads\/2015\/04\/1-DSC01605-600x400-383x255_c.jpg\" data-envira-src=\"https:\/\/jenniges-paletten.de\/paletten-einwegpaletten-recycling-reparaturen-eifel\/wp-content\/uploads\/2015\/04\/1-DSC01605-600x400-383x255_c.jpg\" data-envira-gallery-id=\"651\" data-envira-item-id=\"595\" data-envira-caption=\"1-DSC01605\" alt=\"\" title=\"1-DSC01605\"  itemprop=\"thumbnailUrl\" data-envira-srcset=\"https:\/\/jenniges-paletten.de\/paletten-einwegpaletten-recycling-reparaturen-eifel\/wp-content\/uploads\/2015\/04\/1-DSC01605-600x400-383x255_c.jpg 400w,https:\/\/jenniges-paletten.de\/paletten-einwegpaletten-recycling-reparaturen-eifel\/wp-content\/uploads\/2015\/04\/1-DSC01605-600x400-383x255_c.jpg 2x\" srcset=\"data:image\/gif;base64,R0lGODlhAQABAIAAAP\/\/\/\/\/\/\/yH5BAEKAAEALAAAAAABAAEAAAICTAEAOw==\" \/><\/div><\/a><\/div><\/div><div id=\"envira-gallery-item-963\" class=\"envira-gallery-item enviratope-item envira-gallery-item-9\" style=\"padding-left: 5px; padding-bottom: 10px; padding-right: 5px;\"  itemscope itemtype=\"https:\/\/schema.org\/ImageObject\"><div class=\"envira-gallery-item-inner\"><div class=\"envira-gallery-position-overlay  envira-gallery-top-left\"><\/div><div class=\"envira-gallery-position-overlay  envira-gallery-top-right\"><\/div><div class=\"envira-gallery-position-overlay  envira-gallery-bottom-left\"><\/div><div class=\"envira-gallery-position-overlay  envira-gallery-bottom-right\"><\/div><a href=\"https:\/\/jenniges-paletten.de\/paletten-einwegpaletten-recycling-reparaturen-eifel\/wp-content\/uploads\/2015\/04\/1-DSC010951.jpg\" class=\"envira-gallery-651 envira-gallery-link\" rel=\"enviragallery651\" title=\"1-DSC01095\" data-envira-caption=\"1-DSC01095\" data-envira-retina=\"\" data-thumbnail=\"\"  itemprop=\"contentUrl\"><div class=\"envira-lazy\" data-test-width=\"383\" data-test-height=\"255\" style=\"padding-bottom:66.579634464752%;\"><img decoding=\"async\" id=\"envira-gallery-image-963\" class=\"envira-gallery-image envira-gallery-image-9\" data-envira-index=\"9\" src=\"https:\/\/jenniges-paletten.de\/paletten-einwegpaletten-recycling-reparaturen-eifel\/wp-content\/uploads\/2015\/04\/1-DSC010951-600x400-383x255_c.jpg\" data-envira-src=\"https:\/\/jenniges-paletten.de\/paletten-einwegpaletten-recycling-reparaturen-eifel\/wp-content\/uploads\/2015\/04\/1-DSC010951-600x400-383x255_c.jpg\" data-envira-gallery-id=\"651\" data-envira-item-id=\"963\" data-envira-caption=\"1-DSC01095\" alt=\"\" title=\"1-DSC01095\"  itemprop=\"thumbnailUrl\" data-envira-srcset=\"https:\/\/jenniges-paletten.de\/paletten-einwegpaletten-recycling-reparaturen-eifel\/wp-content\/uploads\/2015\/04\/1-DSC010951-600x400-383x255_c.jpg 400w,https:\/\/jenniges-paletten.de\/paletten-einwegpaletten-recycling-reparaturen-eifel\/wp-content\/uploads\/2015\/04\/1-DSC010951-600x400-383x255_c.jpg 2x\" srcset=\"data:image\/gif;base64,R0lGODlhAQABAIAAAP\/\/\/\/\/\/\/yH5BAEKAAEALAAAAAABAAEAAAICTAEAOw==\" \/><\/div><\/a><\/div><\/div><\/div><\/div><noscript><img decoding=\"async\" src=\"https:\/\/jenniges-paletten.de\/paletten-einwegpaletten-recycling-reparaturen-eifel\/wp-content\/uploads\/2015\/04\/1-DSC016071.jpg\" alt=\"\" \/><img decoding=\"async\" src=\"https:\/\/jenniges-paletten.de\/paletten-einwegpaletten-recycling-reparaturen-eifel\/wp-content\/uploads\/2015\/04\/1-DSC011131.jpg\" alt=\"\" \/><img decoding=\"async\" src=\"https:\/\/jenniges-paletten.de\/paletten-einwegpaletten-recycling-reparaturen-eifel\/wp-content\/uploads\/2015\/04\/1-DSC017081.jpg\" alt=\"\" \/><img decoding=\"async\" src=\"https:\/\/jenniges-paletten.de\/paletten-einwegpaletten-recycling-reparaturen-eifel\/wp-content\/uploads\/2015\/04\/1-DSC018151.jpg\" alt=\"\" \/><img decoding=\"async\" src=\"https:\/\/jenniges-paletten.de\/paletten-einwegpaletten-recycling-reparaturen-eifel\/wp-content\/uploads\/2015\/04\/1-DSC017161.jpg\" alt=\"\" \/><img decoding=\"async\" src=\"https:\/\/jenniges-paletten.de\/paletten-einwegpaletten-recycling-reparaturen-eifel\/wp-content\/uploads\/2015\/04\/1-DSC07176.jpg\" alt=\"\" \/><img decoding=\"async\" src=\"https:\/\/jenniges-paletten.de\/paletten-einwegpaletten-recycling-reparaturen-eifel\/wp-content\/uploads\/2015\/04\/1-DSC01006.jpg\" alt=\"\" \/><img decoding=\"async\" src=\"https:\/\/jenniges-paletten.de\/paletten-einwegpaletten-recycling-reparaturen-eifel\/wp-content\/uploads\/2015\/04\/1-DSC01605.jpg\" alt=\"\" \/><img decoding=\"async\" src=\"https:\/\/jenniges-paletten.de\/paletten-einwegpaletten-recycling-reparaturen-eifel\/wp-content\/uploads\/2015\/04\/1-DSC010951.jpg\" alt=\"\" \/><\/noscript><\/p>\n<audio class=\"wp-audio-shortcode\" id=\"audio-406-1\" preload=\"auto\" style=\"width: 100%;\" controls=\"controls\"><source type=\"audio\/mpeg\" src=\"https:\/\/jenniges-paletten.de\/paletten-einwegpaletten-recycling-reparaturen-eifel\/wp-content\/uploads\/2015\/04\/Nagel-Pistole-und-Hammer.mp3?_=1\" \/><a href=\"https:\/\/jenniges-paletten.de\/paletten-einwegpaletten-recycling-reparaturen-eifel\/wp-content\/uploads\/2015\/04\/Nagel-Pistole-und-Hammer.mp3\">https:\/\/jenniges-paletten.de\/paletten-einwegpaletten-recycling-reparaturen-eifel\/wp-content\/uploads\/2015\/04\/Nagel-Pistole-und-Hammer.mp3<\/a><\/audio>\n<hr \/>\n<p align=\"LEFT\"><span style=\"color: #000000;\"><span style=\"font-family: Arial, sans-serif;\"><span style=\"font-size: medium;\">Bei uns k\u00f6nnen Sie ihre defekten Paletten reparieren lassen und kommen somit g\u00fcnstig an wieder benutzbare Paletten. Nat\u00fcrlich kann dies nur gew\u00e4hrleistet werden wenn die Palette reparaturf\u00e4hig ist.<br \/>\n<\/span><\/span><\/span><\/p>\n<p align=\"LEFT\"><strong>Sprechen Sie uns an!<\/strong><\/p>\n","protected":false},"excerpt":{"rendered":"<p>Bei uns k\u00f6nnen Sie ihre defekten Paletten reparieren lassen und kommen somit g\u00fcnstig an wieder benutzbare Paletten. Nat\u00fcrlich kann dies<\/p>\n<div class=\"read-button read_more_btn_text\"><a class=\"read_more\" href=\"https:\/\/jenniges-paletten.de\/paletten-einwegpaletten-recycling-reparaturen-eifel\/paletten\/paletten-reparaturen\/\">Read Now <i class=\"fas fa-caret-right\"><\/i><\/a><\/div>\n","protected":false},"author":4,"featured_media":0,"parent":401,"menu_order":0,"comment_status":"closed","ping_status":"closed","template":"template-fullwidth.php","meta":{"footnotes":""},"class_list":["post-406","page","type-page","status-publish","hentry"],"aioseo_notices":[],"_links":{"self":[{"href":"https:\/\/jenniges-paletten.de\/paletten-einwegpaletten-recycling-reparaturen-eifel\/wp-json\/wp\/v2\/pages\/406","targetHints":{"allow":["GET"]}}],"collection":[{"href":"https:\/\/jenniges-paletten.de\/paletten-einwegpaletten-recycling-reparaturen-eifel\/wp-json\/wp\/v2\/pages"}],"about":[{"href":"https:\/\/jenniges-paletten.de\/paletten-einwegpaletten-recycling-reparaturen-eifel\/wp-json\/wp\/v2\/types\/page"}],"author":[{"embeddable":true,"href":"https:\/\/jenniges-paletten.de\/paletten-einwegpaletten-recycling-reparaturen-eifel\/wp-json\/wp\/v2\/users\/4"}],"replies":[{"embeddable":true,"href":"https:\/\/jenniges-paletten.de\/paletten-einwegpaletten-recycling-reparaturen-eifel\/wp-json\/wp\/v2\/comments?post=406"}],"version-history":[{"count":20,"href":"https:\/\/jenniges-paletten.de\/paletten-einwegpaletten-recycling-reparaturen-eifel\/wp-json\/wp\/v2\/pages\/406\/revisions"}],"predecessor-version":[{"id":1067,"href":"https:\/\/jenniges-paletten.de\/paletten-einwegpaletten-recycling-reparaturen-eifel\/wp-json\/wp\/v2\/pages\/406\/revisions\/1067"}],"up":[{"embeddable":true,"href":"https:\/\/jenniges-paletten.de\/paletten-einwegpaletten-recycling-reparaturen-eifel\/wp-json\/wp\/v2\/pages\/401"}],"wp:attachment":[{"href":"https:\/\/jenniges-paletten.de\/paletten-einwegpaletten-recycling-reparaturen-eifel\/wp-json\/wp\/v2\/media?parent=406"}],"curies":[{"name":"wp","href":"https:\/\/api.w.org\/{rel}","templated":true}]}}