{"id":404,"date":"2015-04-17T14:03:45","date_gmt":"2015-04-17T12:03:45","guid":{"rendered":"http:\/\/jenniges-paletten.de\/paletten-einwegpaletten-recycling-reparaturen-eifel\/?page_id=404"},"modified":"2015-05-21T16:31:32","modified_gmt":"2015-05-21T14:31:32","slug":"paletten-recycling","status":"publish","type":"page","link":"https:\/\/jenniges-paletten.de\/paletten-einwegpaletten-recycling-reparaturen-eifel\/paletten\/paletten-recycling\/","title":{"rendered":"Paletten-Recycling"},"content":{"rendered":"<p align=\"LEFT\"><div aria-live=\"polite\" id=\"soliloquy-container-958_1\" class=\"soliloquy-container soliloquy-transition-fade  soliloquy-theme-base\" style=\"max-width:1170px;max-height:500px;\"><ul id=\"soliloquy-958_1\" class=\"soliloquy-slider soliloquy-slides soliloquy-wrap soliloquy-clear\"><li aria-hidden=\"true\" class=\"soliloquy-item soliloquy-item-1 soliloquy-image-slide\" draggable=\"false\" style=\"list-style:none\"><img decoding=\"async\" id=\"soliloquy-image-999\" class=\"soliloquy-image soliloquy-image-1\" src=\"https:\/\/jenniges-paletten.de\/paletten-einwegpaletten-recycling-reparaturen-eifel\/wp-content\/uploads\/2015\/04\/1-DSC016511-1170x500_c.jpg\" alt=\"1-DSC01651\" \/><\/li><li aria-hidden=\"true\" class=\"soliloquy-item soliloquy-item-2 soliloquy-image-slide\" draggable=\"false\" style=\"list-style:none\"><img decoding=\"async\" id=\"soliloquy-image-1003\" class=\"soliloquy-image soliloquy-image-2\" src=\"https:\/\/jenniges-paletten.de\/paletten-einwegpaletten-recycling-reparaturen-eifel\/wp-content\/uploads\/2015\/04\/1-DSC00048-1170x500_c.jpg\" alt=\"SONY DSC\" \/><div class=\"soliloquy-caption\"><div class=\"soliloquy-caption-inside\">SONY DSC<\/div><\/div><\/li><li aria-hidden=\"true\" class=\"soliloquy-item soliloquy-item-3 soliloquy-image-slide\" draggable=\"false\" style=\"list-style:none\"><img decoding=\"async\" id=\"soliloquy-image-1002\" class=\"soliloquy-image soliloquy-image-3\" src=\"https:\/\/jenniges-paletten.de\/paletten-einwegpaletten-recycling-reparaturen-eifel\/wp-content\/uploads\/2015\/04\/1-DSC073302-1170x500_c.jpg\" alt=\"SONY DSC\" \/><div class=\"soliloquy-caption\"><div class=\"soliloquy-caption-inside\">SONY DSC<\/div><\/div><\/li><li aria-hidden=\"true\" class=\"soliloquy-item soliloquy-item-4 soliloquy-image-slide\" draggable=\"false\" style=\"list-style:none\"><img decoding=\"async\" id=\"soliloquy-image-1004\" class=\"soliloquy-image soliloquy-image-4\" src=\"https:\/\/jenniges-paletten.de\/paletten-einwegpaletten-recycling-reparaturen-eifel\/wp-content\/uploads\/2015\/04\/1-DSC00069-1170x500_c.jpg\" alt=\"SONY DSC\" \/><div class=\"soliloquy-caption\"><div class=\"soliloquy-caption-inside\">SONY DSC<\/div><\/div><\/li><li aria-hidden=\"true\" class=\"soliloquy-item soliloquy-item-5 soliloquy-image-slide\" draggable=\"false\" style=\"list-style:none\"><img decoding=\"async\" id=\"soliloquy-image-962\" class=\"soliloquy-image soliloquy-image-5\" src=\"https:\/\/jenniges-paletten.de\/paletten-einwegpaletten-recycling-reparaturen-eifel\/wp-content\/uploads\/2015\/04\/1-DSC017273-1170x500_c.jpg\" alt=\"1-DSC01727\" \/><\/li><li aria-hidden=\"true\" class=\"soliloquy-item soliloquy-item-6 soliloquy-image-slide\" draggable=\"false\" style=\"list-style:none\"><img decoding=\"async\" id=\"soliloquy-image-1020\" class=\"soliloquy-image soliloquy-image-6\" src=\"https:\/\/jenniges-paletten.de\/paletten-einwegpaletten-recycling-reparaturen-eifel\/wp-content\/uploads\/2015\/04\/1-DSC011102-1170x500_c.jpg\" alt=\"1-DSC01110\" \/><\/li><\/ul><\/div><noscript><style type=\"text\/css\">#soliloquy-container-958_1{opacity:1}<\/style><\/noscript><\/p>\n<hr \/>\n<p align=\"LEFT\"><span style=\"color: #000000;\"><span style=\"font-family: Arial, sans-serif;\"><span style=\"font-size: medium;\">Bei Abfallpaletten wird bei uns zwischen <strong>brauchbaren<\/strong> und <strong>unbrauchbaren<\/strong> <strong>Paletten<\/strong> unterschieden. <\/span><\/span><\/span><\/p>\n<p align=\"LEFT\"><span style=\"color: #000000;\"><span style=\"font-family: Arial, sans-serif;\"><span style=\"font-size: medium;\">W\u00e4hrend die brauchbaren Paletten zur Reparatur \u00fcbergeben werden, wird das Holz der unbrauchbaren Paletten wiederverwertet und der Biomassen-Industrie zugef\u00fchrt. Dort kann es dann als Rohstoff f\u00fcr die Energieerzeugung genutzt werden.<\/span><\/span><\/span><\/p>\n","protected":false},"excerpt":{"rendered":"<p>Bei Abfallpaletten wird bei uns zwischen brauchbaren und unbrauchbaren Paletten unterschieden. W\u00e4hrend die brauchbaren Paletten zur Reparatur \u00fcbergeben werden, wird<\/p>\n<div class=\"read-button read_more_btn_text\"><a class=\"read_more\" href=\"https:\/\/jenniges-paletten.de\/paletten-einwegpaletten-recycling-reparaturen-eifel\/paletten\/paletten-recycling\/\">Read Now <i class=\"fas fa-caret-right\"><\/i><\/a><\/div>\n","protected":false},"author":4,"featured_media":0,"parent":401,"menu_order":0,"comment_status":"closed","ping_status":"closed","template":"template-fullwidth.php","meta":{"footnotes":""},"class_list":["post-404","page","type-page","status-publish","hentry"],"aioseo_notices":[],"_links":{"self":[{"href":"https:\/\/jenniges-paletten.de\/paletten-einwegpaletten-recycling-reparaturen-eifel\/wp-json\/wp\/v2\/pages\/404","targetHints":{"allow":["GET"]}}],"collection":[{"href":"https:\/\/jenniges-paletten.de\/paletten-einwegpaletten-recycling-reparaturen-eifel\/wp-json\/wp\/v2\/pages"}],"about":[{"href":"https:\/\/jenniges-paletten.de\/paletten-einwegpaletten-recycling-reparaturen-eifel\/wp-json\/wp\/v2\/types\/page"}],"author":[{"embeddable":true,"href":"https:\/\/jenniges-paletten.de\/paletten-einwegpaletten-recycling-reparaturen-eifel\/wp-json\/wp\/v2\/users\/4"}],"replies":[{"embeddable":true,"href":"https:\/\/jenniges-paletten.de\/paletten-einwegpaletten-recycling-reparaturen-eifel\/wp-json\/wp\/v2\/comments?post=404"}],"version-history":[{"count":16,"href":"https:\/\/jenniges-paletten.de\/paletten-einwegpaletten-recycling-reparaturen-eifel\/wp-json\/wp\/v2\/pages\/404\/revisions"}],"predecessor-version":[{"id":1019,"href":"https:\/\/jenniges-paletten.de\/paletten-einwegpaletten-recycling-reparaturen-eifel\/wp-json\/wp\/v2\/pages\/404\/revisions\/1019"}],"up":[{"embeddable":true,"href":"https:\/\/jenniges-paletten.de\/paletten-einwegpaletten-recycling-reparaturen-eifel\/wp-json\/wp\/v2\/pages\/401"}],"wp:attachment":[{"href":"https:\/\/jenniges-paletten.de\/paletten-einwegpaletten-recycling-reparaturen-eifel\/wp-json\/wp\/v2\/media?parent=404"}],"curies":[{"name":"wp","href":"https:\/\/api.w.org\/{rel}","templated":true}]}}